{"id":1109,"date":"2025-01-19T10:56:13","date_gmt":"2025-01-19T09:56:13","guid":{"rendered":"https:\/\/ead.univ-batna.dz\/?page_id=1109"},"modified":"2025-01-26T15:49:31","modified_gmt":"2025-01-26T14:49:31","slug":"elementor-1109","status":"publish","type":"page","link":"https:\/\/ead.univ-batna.dz\/index.php\/elementor-1109\/","title":{"rendered":"Elementor #1109"},"content":{"rendered":"\t\t<div data-elementor-type=\"wp-page\" data-elementor-id=\"1109\" class=\"elementor elementor-1109\">\n\t\t\t\t\t\t<section class=\"elementor-section elementor-top-section elementor-element elementor-element-765163a elementor-section-boxed elementor-section-height-default elementor-section-height-default\" data-id=\"765163a\" data-element_type=\"section\">\n\t\t\t\t\t\t<div class=\"elementor-container elementor-column-gap-default\">\n\t\t\t\t\t<div class=\"elementor-column elementor-col-100 elementor-top-column elementor-element elementor-element-6ac6cda\" data-id=\"6ac6cda\" data-element_type=\"column\">\n\t\t\t<div class=\"elementor-widget-wrap\">\n\t\t\t\t\t\t\t<\/div>\n\t\t<\/div>\n\t\t\t\t\t<\/div>\n\t\t<\/section>\n\t\t\t\t<section class=\"elementor-section elementor-top-section elementor-element elementor-element-28e8d1c8 elementor-section-boxed elementor-section-height-default elementor-section-height-default\" data-id=\"28e8d1c8\" data-element_type=\"section\">\n\t\t\t\t\t\t<div class=\"elementor-container elementor-column-gap-default\">\n\t\t\t\t\t<div class=\"elementor-column elementor-col-33 elementor-top-column elementor-element elementor-element-1b259c4e\" data-id=\"1b259c4e\" data-element_type=\"column\">\n\t\t\t<div class=\"elementor-widget-wrap elementor-element-populated\">\n\t\t\t\t\t\t<div class=\"elementor-element elementor-element-61b8723 elementor-widget elementor-widget-html\" data-id=\"61b8723\" data-element_type=\"widget\" data-widget_type=\"html.default\">\n\t\t\t\t<div class=\"elementor-widget-container\">\n\t\t\t\t\t<script>\ndocument.addEventListener(\"DOMContentLoaded\", function() {\n    var iframe = document.getElementById(\"mtiframe\");\n\n    document.getElementById(\"mtbtn1\").addEventListener(\"click\", function() {        \n        iframe.src = \"https:\/\/www.youtube.com\/embed\/txtL3pkuZFc\" ;    });\n\n    document.getElementById(\"mtbtn2\").addEventListener(\"click\", function() {\n        iframe.src = \"https:\/\/www.youtube.com\/embed\/e5GVjieJJfU\" ;\n    });\n    \n    document.getElementById(\"mtbtn3\").addEventListener(\"click\", function() {\n        iframe.src = \"https:\/\/www.youtube.com\/embed\/QW5lFTRBOXA\" ;          \n\n    });\n    \n    document.getElementById(\"mtbtn4\").addEventListener(\"click\", function() {\n        iframe.src = \"https:\/\/www.youtube.com\/embed\/SBKPWGJTzBk\" ;      \n    });\n});\n    \n    document.getElementById(\"mtbtn5\").addEventListener(\"click\", function() {\n        iframe.src = \"https:\/\/www.youtube.com\/embed\/og5fVEYiJeQ\" ;      \n    });\n    });\n    \n    document.getElementById(\"mtbtn6\").addEventListener(\"click\", function() {\n        iframe.src = \"https:\/\/www.youtube.com\/embed\/H84Ra_Y-L38\" ;      \n    });\n    });\n    \n    document.getElementById(\"mtbtn7\").addEventListener(\"click\", function() {\n        iframe.src = \"https:\/\/www.youtube.com\/embed\/g-QDl-sOv6M ;      \n    });\n    \n    \n        \n});\n\n\ndocument.addEventListener('DOMContentLoaded', function() {\n  const urlParams = new URLSearchParams(window.location.search);\n  const buttonToClick = urlParams.get('button');\n\n  \/\/ Identifier quel bouton doit \u00eatre cliqu\u00e9\n  if (buttonToClick) {\n    var boutonCible = document.querySelector(`#mtbtn${buttonToClick}`);\n    if (boutonCible) {\n      boutonCible.click(); \/\/ Ex\u00e9cuter le clic\n    }\n  }\n});\n\n\n<\/script>\t\t\t\t<\/div>\n\t\t\t\t<\/div>\n\t\t\t\t<div class=\"elementor-element elementor-element-52462a90 elementor-align-center elementor-widget elementor-widget-button\" data-id=\"52462a90\" data-element_type=\"widget\" id=\"mtbtn1\" data-settings=\"{&quot;_animation&quot;:&quot;none&quot;}\" data-widget_type=\"button.default\">\n\t\t\t\t<div class=\"elementor-widget-container\">\n\t\t\t\t\t\t\t\t\t<div class=\"elementor-button-wrapper\">\n\t\t\t\t\t<a class=\"elementor-button elementor-button-link elementor-size-sm elementor-animation-shrink\" href=\"#\" id=\"azerty\">\n\t\t\t\t\t\t<span class=\"elementor-button-content-wrapper\">\n\t\t\t\t\t\t\t\t\t<span class=\"elementor-button-text\">R\u00e9cup\u00e9ration des identifiants de l'\u00e9tudiant<\/span>\n\t\t\t\t\t<\/span>\n\t\t\t\t\t<\/a>\n\t\t\t\t<\/div>\n\t\t\t\t\t\t\t\t<\/div>\n\t\t\t\t<\/div>\n\t\t\t\t<div class=\"elementor-element elementor-element-210c0b4 elementor-align-center elementor-widget elementor-widget-button\" data-id=\"210c0b4\" data-element_type=\"widget\" id=\"mtbtn2\" data-settings=\"{&quot;_animation&quot;:&quot;none&quot;}\" data-widget_type=\"button.default\">\n\t\t\t\t<div class=\"elementor-widget-container\">\n\t\t\t\t\t\t\t\t\t<div class=\"elementor-button-wrapper\">\n\t\t\t\t\t<a class=\"elementor-button elementor-button-link elementor-size-sm elementor-animation-shrink\" href=\"#\">\n\t\t\t\t\t\t<span class=\"elementor-button-content-wrapper\">\n\t\t\t\t\t\t\t\t\t<span class=\"elementor-button-text\">Sauvegarde et r\u00e9stauration cours moodle<\/span>\n\t\t\t\t\t<\/span>\n\t\t\t\t\t<\/a>\n\t\t\t\t<\/div>\n\t\t\t\t\t\t\t\t<\/div>\n\t\t\t\t<\/div>\n\t\t\t\t<div class=\"elementor-element elementor-element-38c43d26 elementor-align-center elementor-widget elementor-widget-button\" data-id=\"38c43d26\" data-element_type=\"widget\" id=\"mtbtn3\" data-settings=\"{&quot;_animation&quot;:&quot;none&quot;}\" data-widget_type=\"button.default\">\n\t\t\t\t<div class=\"elementor-widget-container\">\n\t\t\t\t\t\t\t\t\t<div class=\"elementor-button-wrapper\">\n\t\t\t\t\t<a class=\"elementor-button elementor-button-link elementor-size-sm elementor-animation-shrink\" href=\"#\">\n\t\t\t\t\t\t<span class=\"elementor-button-content-wrapper\">\n\t\t\t\t\t\t\t\t\t<span class=\"elementor-button-text\">Param\u00e9trer une activit\u00e9 BigblueButton<\/span>\n\t\t\t\t\t<\/span>\n\t\t\t\t\t<\/a>\n\t\t\t\t<\/div>\n\t\t\t\t\t\t\t\t<\/div>\n\t\t\t\t<\/div>\n\t\t\t\t<div class=\"elementor-element elementor-element-3c0c46e2 elementor-align-center elementor-widget elementor-widget-button\" data-id=\"3c0c46e2\" data-element_type=\"widget\" id=\"mtbtn4\" data-settings=\"{&quot;_animation&quot;:&quot;none&quot;}\" data-widget_type=\"button.default\">\n\t\t\t\t<div class=\"elementor-widget-container\">\n\t\t\t\t\t\t\t\t\t<div class=\"elementor-button-wrapper\">\n\t\t\t\t\t<a class=\"elementor-button elementor-button-link elementor-size-sm elementor-animation-shrink\" href=\"#\">\n\t\t\t\t\t\t<span class=\"elementor-button-content-wrapper\">\n\t\t\t\t\t\t\t\t\t<span class=\"elementor-button-text\">G\u00e9rer une visio-conf\u00e9rence BBB<\/span>\n\t\t\t\t\t<\/span>\n\t\t\t\t\t<\/a>\n\t\t\t\t<\/div>\n\t\t\t\t\t\t\t\t<\/div>\n\t\t\t\t<\/div>\n\t\t\t\t<div class=\"elementor-element elementor-element-7d10599 elementor-align-center elementor-widget elementor-widget-button\" data-id=\"7d10599\" data-element_type=\"widget\" data-settings=\"{&quot;_animation&quot;:&quot;none&quot;}\" data-widget_type=\"button.default\">\n\t\t\t\t<div class=\"elementor-widget-container\">\n\t\t\t\t\t\t\t\t\t<div class=\"elementor-button-wrapper\">\n\t\t\t\t\t<a class=\"elementor-button elementor-button-link elementor-size-sm elementor-animation-shrink\" href=\"https:\/\/www.youtube.com\/watch?v=og5fVEYiJeQ\">\n\t\t\t\t\t\t<span class=\"elementor-button-content-wrapper\">\n\t\t\t\t\t\t\t\t\t<span class=\"elementor-button-text\">Enseigner avec Moodle<\/span>\n\t\t\t\t\t<\/span>\n\t\t\t\t\t<\/a>\n\t\t\t\t<\/div>\n\t\t\t\t\t\t\t\t<\/div>\n\t\t\t\t<\/div>\n\t\t\t\t<div class=\"elementor-element elementor-element-a46b42c elementor-align-center elementor-widget elementor-widget-button\" data-id=\"a46b42c\" data-element_type=\"widget\" data-settings=\"{&quot;_animation&quot;:&quot;none&quot;}\" data-widget_type=\"button.default\">\n\t\t\t\t<div class=\"elementor-widget-container\">\n\t\t\t\t\t\t\t\t\t<div class=\"elementor-button-wrapper\">\n\t\t\t\t\t<a class=\"elementor-button elementor-button-link elementor-size-sm elementor-animation-shrink\" href=\"https:\/\/www.youtube.com\/watch?v=H84Ra_Y-L38\">\n\t\t\t\t\t\t<span class=\"elementor-button-content-wrapper\">\n\t\t\t\t\t\t\t\t\t<span class=\"elementor-button-text\">Organisation de l'espace Moodle<\/span>\n\t\t\t\t\t<\/span>\n\t\t\t\t\t<\/a>\n\t\t\t\t<\/div>\n\t\t\t\t\t\t\t\t<\/div>\n\t\t\t\t<\/div>\n\t\t\t\t<div class=\"elementor-element elementor-element-ddcadfc elementor-align-center elementor-widget elementor-widget-button\" data-id=\"ddcadfc\" data-element_type=\"widget\" data-settings=\"{&quot;_animation&quot;:&quot;none&quot;}\" data-widget_type=\"button.default\">\n\t\t\t\t<div class=\"elementor-widget-container\">\n\t\t\t\t\t\t\t\t\t<div class=\"elementor-button-wrapper\">\n\t\t\t\t\t<a class=\"elementor-button elementor-button-link elementor-size-sm elementor-animation-shrink\" href=\"https:\/\/www.youtube.com\/watch?v=g-QDl-sOv6M\">\n\t\t\t\t\t\t<span class=\"elementor-button-content-wrapper\">\n\t\t\t\t\t\t\t\t\t<span class=\"elementor-button-text\">Activit\u00e9s \"Carte mentale , Wiki et Partage de fichiers\"<\/span>\n\t\t\t\t\t<\/span>\n\t\t\t\t\t<\/a>\n\t\t\t\t<\/div>\n\t\t\t\t\t\t\t\t<\/div>\n\t\t\t\t<\/div>\n\t\t\t\t<div class=\"elementor-element elementor-element-8b84a52 elementor-align-center elementor-widget elementor-widget-button\" data-id=\"8b84a52\" data-element_type=\"widget\" data-settings=\"{&quot;_animation&quot;:&quot;none&quot;}\" data-widget_type=\"button.default\">\n\t\t\t\t<div class=\"elementor-widget-container\">\n\t\t\t\t\t\t\t\t\t<div class=\"elementor-button-wrapper\">\n\t\t\t\t\t<a class=\"elementor-button elementor-button-link elementor-size-sm elementor-animation-shrink\" href=\"https:\/\/www.youtube.com\/watch?v=dERLm-SzXR8\">\n\t\t\t\t\t\t<span class=\"elementor-button-content-wrapper\">\n\t\t\t\t\t\t\t\t\t<span class=\"elementor-button-text\">Questions: \"Glisser-d\u00e9poser sur texte et sur image , Marqueurs \u00e0 glisser-d\u00e9poser\"<\/span>\n\t\t\t\t\t<\/span>\n\t\t\t\t\t<\/a>\n\t\t\t\t<\/div>\n\t\t\t\t\t\t\t\t<\/div>\n\t\t\t\t<\/div>\n\t\t\t\t<div class=\"elementor-element elementor-element-6511c41 elementor-align-center elementor-widget elementor-widget-button\" data-id=\"6511c41\" data-element_type=\"widget\" data-settings=\"{&quot;_animation&quot;:&quot;none&quot;}\" data-widget_type=\"button.default\">\n\t\t\t\t<div class=\"elementor-widget-container\">\n\t\t\t\t\t\t\t\t\t<div class=\"elementor-button-wrapper\">\n\t\t\t\t\t<a class=\"elementor-button elementor-button-link elementor-size-sm elementor-animation-shrink\" href=\"https:\/\/www.youtube.com\/watch?v=OkzkA0jmsFU\">\n\t\t\t\t\t\t<span class=\"elementor-button-content-wrapper\">\n\t\t\t\t\t\t\t\t\t<span class=\"elementor-button-text\">Organisation de l'espace MoodleTechniques d'organisation d'un cours dans Opale Scenari<\/span>\n\t\t\t\t\t<\/span>\n\t\t\t\t\t<\/a>\n\t\t\t\t<\/div>\n\t\t\t\t\t\t\t\t<\/div>\n\t\t\t\t<\/div>\n\t\t\t\t\t<\/div>\n\t\t<\/div>\n\t\t\t\t<div class=\"elementor-column elementor-col-66 elementor-top-column elementor-element elementor-element-48ab42da\" data-id=\"48ab42da\" data-element_type=\"column\">\n\t\t\t<div class=\"elementor-widget-wrap elementor-element-populated\">\n\t\t\t\t\t\t<div class=\"elementor-element elementor-element-72265d7c elementor-widget elementor-widget-html\" data-id=\"72265d7c\" data-element_type=\"widget\" data-widget_type=\"html.default\">\n\t\t\t\t<div class=\"elementor-widget-container\">\n\t\t\t\t\t<iframe id=\"mtiframe\" width=\"100%\" height=\"600\" allowfullscreen style=\"border-style:none;\" src=\"https:\/\/www.youtube.com\/embed\/e5GVjieJJfU\"><\/iframe>\n\n\t\t\t\t<\/div>\n\t\t\t\t<\/div>\n\t\t\t\t\t<\/div>\n\t\t<\/div>\n\t\t\t\t\t<\/div>\n\t\t<\/section>\n\t\t\t\t<\/div>\n\t\t","protected":false},"excerpt":{"rendered":"<p>R\u00e9cup\u00e9ration des identifiants de l&#8217;\u00e9tudiant Sauvegarde et r\u00e9stauration cours moodle Param\u00e9trer une activit\u00e9 BigblueButton G\u00e9rer une visio-conf\u00e9rence BBB Enseigner avec Moodle Organisation de l&#8217;espace Moodle Activit\u00e9s &#8220;Carte mentale , Wiki et Partage de fichiers&#8221; Questions: &#8220;Glisser-d\u00e9poser sur texte et sur image , Marqueurs \u00e0 glisser-d\u00e9poser&#8221; Organisation de l&#8217;espace MoodleTechniques d&#8217;organisation d&#8217;un cours dans Opale Scenari<\/p>\n","protected":false},"author":1,"featured_media":0,"parent":0,"menu_order":0,"comment_status":"closed","ping_status":"closed","template":"","meta":{"_kad_post_transparent":"","_kad_post_title":"hide","_kad_post_layout":"fullwidth","_kad_post_sidebar_id":"","_kad_post_content_style":"unboxed","_kad_post_vertical_padding":"hide","_kad_post_feature":"hide","_kad_post_feature_position":"","_kad_post_header":false,"_kad_post_footer":false,"footnotes":""},"class_list":["post-1109","page","type-page","status-publish","hentry"],"_links":{"self":[{"href":"https:\/\/ead.univ-batna.dz\/index.php\/wp-json\/wp\/v2\/pages\/1109","targetHints":{"allow":["GET"]}}],"collection":[{"href":"https:\/\/ead.univ-batna.dz\/index.php\/wp-json\/wp\/v2\/pages"}],"about":[{"href":"https:\/\/ead.univ-batna.dz\/index.php\/wp-json\/wp\/v2\/types\/page"}],"author":[{"embeddable":true,"href":"https:\/\/ead.univ-batna.dz\/index.php\/wp-json\/wp\/v2\/users\/1"}],"replies":[{"embeddable":true,"href":"https:\/\/ead.univ-batna.dz\/index.php\/wp-json\/wp\/v2\/comments?post=1109"}],"version-history":[{"count":73,"href":"https:\/\/ead.univ-batna.dz\/index.php\/wp-json\/wp\/v2\/pages\/1109\/revisions"}],"predecessor-version":[{"id":1318,"href":"https:\/\/ead.univ-batna.dz\/index.php\/wp-json\/wp\/v2\/pages\/1109\/revisions\/1318"}],"wp:attachment":[{"href":"https:\/\/ead.univ-batna.dz\/index.php\/wp-json\/wp\/v2\/media?parent=1109"}],"curies":[{"name":"wp","href":"https:\/\/api.w.org\/{rel}","templated":true}]}}